{"id":1216,"date":"2025-04-17T09:39:29","date_gmt":"2025-04-17T08:39:29","guid":{"rendered":"https:\/\/xtra-spins.org\/nodepositbonus\/"},"modified":"2025-11-24T08:28:54","modified_gmt":"2025-11-24T08:28:54","slug":"nodepositbonus","status":"publish","type":"page","link":"https:\/\/xtra-spins.org\/pt-pt\/nodepositbonus\/","title":{"rendered":"B\u00f3nus Sem Dep\u00f3sito"},"content":{"rendered":"<h1>Xtraspin Bonuses<\/h1>\n<p>O programa exclusivo Xtraspin bonus com dinheiro e rodadas gr\u00e1tis aguarda os utilizadores na nossa plataforma oficial. Os jogadores podem experimentar a enorme cole\u00e7\u00e3o de jogos do casino e jogos com dinheiro real com oportunidades adicionais, utilizando o nosso sistema promocional.<\/p>\n<p>Com altera\u00e7\u00f5es mensais no calend\u00e1rio promocional, o nosso casino oferece aos jogadores novas e interessantes possibilidades de b\u00f3nus para melhorar as suas sess\u00f5es de jogo.<\/p>\n<p>Quem procura divers\u00e3o excepcional em casinos online deve come\u00e7ar com os b\u00f3nus do Xtraspin, que oferecem aos jogadores uma amostra real dos recursos premium do casino. Jogar connosco tamb\u00e9m \u00e9 seguro, pois utilizamos as tecnologias mais recentes e criptografia SSL.<\/p>\n<p>Entre em contacto com a nossa equipa de suporte \u00e1gil em caso de d\u00favidas sobre b\u00f3nus.<\/p>\n<p><div class=\"banner-wrap\" aria-label=\"Banner\"><img src=\"https:\/\/xtra-spins.org\/wp-content\/uploads\/2025\/03\/Xtraspin-general-background-1184x507-3-1.png\" class=\"w-100 d-none d-lg-block img-pc main-banner-img\" alt=\"Xtraspin general background 1184&#215;507 (3) (1)\" fetchpriority=\"high\" decoding=\"async\"><img src=\"https:\/\/xtra-spins.org\/wp-content\/uploads\/2025\/03\/Xtraspin-general-mobile-792-2-1.png\" class=\"w-100 d-none d-md-block d-lg-none main-banner-img\" alt=\"Xtraspin general mobile 792 (2) (1)\" fetchpriority=\"high\" decoding=\"async\"><img src=\"https:\/\/xtra-spins.org\/wp-content\/uploads\/2025\/03\/Xtraspin-general-mobile-792-2-1.png\" class=\"w-100 d-md-none\" alt=\"Xtraspin general mobile 792 (2) (1)\" fetchpriority=\"high\" decoding=\"async\"><div class=\"banner-description\">\n<div class=\"banner-title\">B\u00f4nus de boas-vindas<\/div>\n<p class=\"banner-header-title\">\u20ac1500<\/p>\n<div class=\"banner-header-AdditionalText\">+ 250 rodadas gr\u00e1tis<\/div>\n<button data-item=\"homepage_banner_link\" class=\"goto m-button m-gradient-border m-button--primary m-button--large banner-button btn-orange\">\n            <div class=\"m-button-content\">\n                <span>Registar Agora<\/span>\n                <span><\/span>\n            <\/div>\n        <\/button>\n<\/div>\n<div class=\"WelcomePack\">\n<p><img decoding=\"async\" src=\"https:\/\/cdn.aramuz.net\/front\/components\/home\/welcome-crown.svg\" alt=\"\" \/><\/p>\n<div class=\"WelcomePack-Info\">Cashback Semanal at\u00e9 25%<\/div>\n<p><img decoding=\"async\" src=\"https:\/\/cdn.aramuz.net\/front\/components\/home\/welcome-crown.svg\" alt=\"\" \/><\/p>\n<\/div>\n<\/div><div class=\"scrollable-content-wrap my-5\"><div class=\"scrollable-content-inner\"><h2>Tipos de b\u00f3nus<\/h2>\n<p>Para atender aos interesses dos jogadores, o Xtra Spin Casino oferece v\u00e1rias categorias de b\u00f3nus. Recompensas por correspond\u00eancia e 250 rodadas gr\u00e1tis Xtraspin tornam o pacote de boas-vindas a melhor maneira de come\u00e7ar a jogar.<\/p>\n<p>Os b\u00f3nus semanais de reembolso ajudam os jogadores regulares ap\u00f3s jogos malsucedidos. A oferta Sunday Reload renova os fundos no final de cada semana, e o sistema Rakeback recompensa o jogo constante com retornos em dinheiro.<\/p>\n<p>Os f\u00e3s de torneios podem competir diariamente e mensalmente por grandes pr\u00e9mios. Os jogadores VIP desfrutam de ofertas de recarga personalizadas, maiores percentagens de retorno e pacotes de rodadas gr\u00e1tis com restri\u00e7\u00f5es de apostas mais baixas.<\/p>\n<p>As promo\u00e7\u00f5es sazonais do casino oferecem recompensas tem\u00e1ticas para feriados e eventos desportivos, aumentando a emo\u00e7\u00e3o. O Xtraspin tamb\u00e9m oferece b\u00f3nus espec\u00edficos para jogos casino ao vivo e slots que promovem novos t\u00edtulos ou favoritos da nossa cole\u00e7\u00e3o, permitindo que os jogadores explorem o portf\u00f3lio do casino enquanto desfrutam de termos promocionais exclusivos.<\/p>\n<p>Esta abordagem abrangente aos incentivos significa que cada jogador pode descobrir pr\u00e9mios que se adequam ao seu estilo de jogo e objetivos.<\/p>\n<h2>Ofertas de b\u00f3nus sem dep\u00f3sito da Xtraspin<\/h2>\n<p>Para oferecer aos jogadores novas e atraentes ofertas de b\u00f3nus sem dep\u00f3sito, o Xtra Spin Casino altera-as periodicamente. Os novos utilizadores podem obter rodadas gr\u00e1tis ao abrir uma conta e validar o seu e-mail. Os jogos de slot populares recebem rodadas gr\u00e1tis, permitindo aos jogadores experimentar os melhores jogos do casino sem riscos.<\/p>\n<p>Ocasionalmente, o Xtraspin oferece c\u00f3digos de b\u00f3nus sem dep\u00f3sito. Os cr\u00e9ditos em dinheiro podem ser utilizados em jogos de mesa e com crupi\u00eas ao vivo usando esses c\u00f3digos. A lista de e-mails do casino informa os jogadores sobre novas combina\u00e7\u00f5es de c\u00f3digos de b\u00f3nus do Xtraspin e promo\u00e7\u00f5es por tempo limitado.<\/p>\n<p>As nossas promo\u00e7\u00f5es s\u00e3o concebidas para oferecer valor real. Ao mesmo tempo, elas v\u00eam com termos e condi\u00e7\u00f5es justos que d\u00e3o aos jogadores uma chance real de ganhar com fundos de b\u00f3nus. As nossas tecnologias de encripta\u00e7\u00e3o tornam o processo 100% seguro.<\/p>\n<p>Atualizamos regularmente as nossas ofertas de b\u00f3nus para os jogadores. Estas vantagens melhoram a jogabilidade sem qualquer custo.<\/p>\n<h2>B\u00f3nus exclusivos do Xtraspin<\/h2>\n<p>O nosso casino oferece promo\u00e7\u00f5es Xtraspin excecionais. As promo\u00e7\u00f5es especiais geralmente oferecem recompensas maiores, mais rodadas gr\u00e1tis ou requisitos de jogo mais baixos.<\/p>\n<p>Para feriados, anivers\u00e1rios do casino e lan\u00e7amentos de novos jogos, o nosso casino oferece incentivos por tempo limitado. Os jogadores recebem b\u00f3nus espec\u00edficos para cada pa\u00eds, de acordo com os seus interesses e h\u00e1bitos de jogo, tornando o Xtraspin um dos melhores casinos online.<\/p>\n<p>A Xtra Spin trabalha com afiliados e plataformas de jogos de confian\u00e7a. Eles ampliam o nosso alcance e oferecem incentivos espec\u00edficos no competitivo setor de jogos online.<\/p>\n<p>As promo\u00e7\u00f5es exclusivas geralmente destacam os nossos jogos com jackpot progressivo, crupi\u00eas ao vivo e novas slots. Algumas das nossas melhores ofertas s\u00e3o as seguintes:<\/p>\n<ul>\n<li>Bonus de boas-vindas no valor de 1.500 \u20ac<\/li>\n<li>Highroller B\u00f3nus de 500 \u20ac<\/li>\n<li>Recarga de domingo 25%<\/li>\n<li>Programas VIP<\/li>\n<\/ul>\n<h2>Recompensas VIP<\/h2>\n<p>Os membros VIP do Xtraspin recebem recompensas e pr\u00e9mios VIP especiais que aumentam de valor \u00e0 medida que sobem de n\u00edvel. Os incentivos regulares s\u00e3o atribu\u00eddos automaticamente \u00e0s contas VIP semanal ou mensalmente, com base na fidelidade. Os jogadores VIP recebem ofertas personalizadas.<\/p>\n<p>Os benef\u00edcios exclusivos incluem rodadas gr\u00e1tis em slots premium, cr\u00e9ditos para jogos de mesa e reembolso. O programa de fidelidade VIP tamb\u00e9m oferece recompensas de anivers\u00e1rio, pr\u00e9mios de anivers\u00e1rio e presentes surpresa. Esses brindes frequentes tornam a experi\u00eancia de jogo mais gratificante.<\/p>\n<p>O avan\u00e7ado sistema de fidelidade acompanha o comportamento dos jogadores em todos os tipos de jogos. Isso permite que a Xtra Spin personalize as recompensas de acordo com as prefer\u00eancias de cada jogador. Os membros de n\u00edvel superior recebem gerentes VIP pessoais. Esses gerentes atendem a pedidos personalizados e respondem a perguntas sobre o programa de fidelidade.<\/p>\n<p>O sistema VIP por n\u00edveis motiva os jogadores a continuarem a jogar. Cada novo n\u00edvel desbloqueia melhores incentivos. Esta estrat\u00e9gia de reten\u00e7\u00e3o em grande escala destaca o foco da Xtraspin em rela\u00e7\u00f5es de longo prazo. O nosso objetivo \u00e9 oferecer valor real e servi\u00e7o personalizado, n\u00e3o apenas atrair novos utilizadores.<\/p>\n<h2>Torneios<\/h2>\n<p>Os torneios regulares no Xtraspin permitem aos jogadores competir por grandes recompensas. Os torneios freeroll di\u00e1rios permitem que os jogadores registados competam entre si. As classifica\u00e7\u00f5es do quadro de l\u00edderes s\u00e3o baseadas em vit\u00f3rias multiplicadoras, vit\u00f3rias consecutivas e pontos totais de jogos qualificados.<\/p>\n<p>Os torneios oferecem aos melhores jogadores pr\u00e9mios que variam entre centenas e milhares de euros. Os torneios de fim de semana oferecem pr\u00e9mios em dinheiro mais elevados e uma concorr\u00eancia reduzida, aumentando as hip\u00f3teses de vit\u00f3ria de todos.<\/p>\n<p>O conceito do torneio torna o jogo contra outros membros da comunidade divertido e animado. As tabelas de classifica\u00e7\u00e3o em tempo real permitem que os participantes acompanhem o seu progresso e ajustem a sua estrat\u00e9gia, aumentando a emo\u00e7\u00e3o.<\/p>\n<p>Os membros do Xtraspin podem torcer pelos vencedores e discutir t\u00e1ticas no chat ao vivo durante esses eventos. Os formatos dos torneios permitem que os jogadores que gostam de slots de alta volatilidade, jogos de mesa estrat\u00e9gicos ou experi\u00eancias imersivas com crupi\u00eas ao vivo encontrem competi\u00e7\u00f5es que atendam \u00e0s suas prefer\u00eancias. Abaixo est\u00e3o alguns dos nossos eventos atuais:<\/p>\n<table>\n<tbody>\n<tr>\n<td>Torneio<\/td>\n<td>Pr\u00e9mio<\/td>\n<\/tr>\n<tr>\n<td>Gotas e vit\u00f3rias<\/td>\n<td>2.000 000 \u20ac<\/td>\n<\/tr>\n<tr>\n<td>Grande explos\u00e3o de domingo<\/td>\n<td>20.000 \u20ac<\/td>\n<\/tr>\n<tr>\n<td>Frenesi de Gotas<\/td>\n<td>660.000 \u20ac<\/td>\n<\/tr>\n<tr>\n<td>Torneio ao vivo<\/td>\n<td>10.000 \u20ac<\/td>\n<\/tr>\n<tr>\n<td>Liga Spin<\/td>\n<td>12.000 000 \u20ac<\/td>\n<\/tr>\n<tr>\n<td>Corrida da Fortuna<\/td>\n<td>75.000 \u20ac<\/td>\n<\/tr>\n<\/tbody>\n<\/table>\n<h2>Termos e condi\u00e7\u00f5es do b\u00f3nus<\/h2>\n<p>Os jogadores podem aproveitar os benef\u00edcios dos b\u00f3nus compreendendo as regras e condi\u00e7\u00f5es da Xtraspin. Conhecer os termos \u00e9 fundamental para aproveitar essas ofertas.<\/p>\n<p>Os termos importantes que os jogadores devem lembrar:<\/p>\n<ul>\n<li>Requisitos de aposta: A maioria das recompensas no Xtra Spin exige 40x de aposta antes que os ganhos possam ser levantados.<\/li>\n<li>Contribui\u00e7\u00e3o do jogo: As slots contribuem com 100% para os requisitos de apostas, enquanto os jogos de mesa e as op\u00e7\u00f5es com crupi\u00ea ao vivo contribuem apenas com 5 a 20%.<\/li>\n<li>Expira\u00e7\u00e3o do b\u00f3nus: Os b\u00f3nus n\u00e3o utilizados expiram ap\u00f3s 7 a 14 dias se os crit\u00e9rios de aposta n\u00e3o forem cumpridos.<\/li>\n<\/ul>\n<p>Os jogadores devem ler as regras da promo\u00e7\u00e3o antes de participar para ter a certeza de que podem cumprir com elas. As descri\u00e7\u00f5es e os termos e condi\u00e7\u00f5es da promo\u00e7\u00e3o da Xtraspin explicam claramente essas regras.<\/p>\n<p>A transpar\u00eancia ajuda os jogadores a compreender os incentivos promocionais e a jogar de forma justa. Ao compreender estas condi\u00e7\u00f5es, os jogadores podem gerir as suas expectativas e obter o m\u00e1ximo valor dos seus melhores b\u00f3nus.<\/p>\n<h2>Perguntas frequentes<\/h2>\n<h3>Como posso reivindicar um b\u00f3nus no Xtraspin Casino?<\/h3>\n<p>O Xtraspin requer informa\u00e7\u00f5es pessoais e verifica\u00e7\u00e3o de conta para receber um b\u00f3nus. Algumas promo\u00e7\u00f5es exigem verifica\u00e7\u00e3o por e-mail ou telefone. O seu b\u00f3nus ser\u00e1 concedido imediatamente ap\u00f3s a verifica\u00e7\u00e3o. Visite a sec\u00e7\u00e3o promocional ou contacte o servi\u00e7o de apoio ao cliente para ativar ou aplicar manualmente o incentivo. Em seguida, poder\u00e1 usar nossos pagamentos r\u00e1pidos para levantar os seus ganhos.<\/p>\n<h3>Preciso de um c\u00f3digo promocional para ativar um b\u00f3nus?<\/h3>\n<p>Algumas recompensas Xtraspin s\u00e3o r\u00e1pidas, enquanto outras requerem um c\u00f3digo promocional. Os c\u00f3digos promocionais s\u00e3o frequentemente exibidos publicamente na p\u00e1gina promocional do casino ou distribu\u00eddos por meio de newsletters e parceiros afiliados. Registe-se ou insira os c\u00f3digos na \u00e1rea \u00abB\u00f3nus\u00bb do painel da sua conta. Certos canais de marketing podem oferecer c\u00f3digos promocionais exclusivos. Tornamos o nosso sistema f\u00e1cil de usar, fornecendo instru\u00e7\u00f5es claras para inserir c\u00f3digos promocionais. Evite perder vantagens usando os c\u00f3digos promocionais antes que eles expirem.<\/p>\n<h3>Existem requisitos de apostas para os b\u00f3nus no Xtraspin Casino?<\/h3>\n<p>Todas as recompensas do Xtra Spin Casino t\u00eam requisitos de aposta antes do levantamento. As condi\u00e7\u00f5es s\u00e3o geralmente 35x\u201350x o incentivo. Tem de gastar 400 \u20ac antes de levantar um b\u00f3nus de 10 \u20ac, com um requisito de aposta de 40x. Enquanto a maioria das slots contribui com 100%, os jogos de mesa podem contribuir com 10-20% e alguns jogos podem ser exclu\u00eddos. As categorias de jogos com maiores vantagens da casa contribuem mais para os crit\u00e9rios, conforme mostrado pelas suas percentagens de contribui\u00e7\u00e3o.<\/p>\n<h3>Com que frequ\u00eancia o Xtraspin Casino oferece novos b\u00f3nus?<\/h3>\n<p>O Xtra Spin Casino oferece promo\u00e7\u00f5es regulares. Novas ofertas come\u00e7am todos os meses, incluindo promo\u00e7\u00f5es sazonais em torno de feriados e eventos importantes. O casino oferece b\u00f3nus excepcionais para anivers\u00e1rios e lan\u00e7amentos de jogos. Verifique a p\u00e1gina de promo\u00e7\u00f5es semanalmente ou inscreva-se no e-mail do casino para obter as informa\u00e7\u00f5es mais recentes sobre b\u00f3nus.<\/p>\n<h3>Posso combinar um b\u00f3nus de boas-vindas com outras promo\u00e7\u00f5es?<\/h3>\n<p>O Xtra Spin Casino normalmente permite apenas um b\u00f3nus ativo; portanto, as promo\u00e7\u00f5es de boas-vindas n\u00e3o podem ser acumuladas com outras promo\u00e7\u00f5es. Antes de reivindicar outro b\u00f3nus, cumpra os requisitos de apostas existentes. Depois de cumprir as condi\u00e7\u00f5es, poder\u00e1 obter recompensas de dep\u00f3sito ou rodadas gr\u00e1tis. Os torneios e as campanhas de fidelidade podem permitir que os jogadores usem recompensas durante eventos especiais.<\/p>\n<\/div><\/div><\/p>\n","protected":false},"excerpt":{"rendered":"<p>Xtraspin Bonuses O programa exclusivo Xtraspin bonus com dinheiro e rodadas gr\u00e1tis aguarda os utilizadores na nossa plataforma oficial. Os jogadores podem experimentar a enorme cole\u00e7\u00e3o de jogos do casino e jogos com dinheiro real com oportunidades adicionais, utilizando o nosso sistema promocional. Com altera\u00e7\u00f5es mensais no calend\u00e1rio promocional, o nosso casino oferece aos jogadores [&hellip;]<\/p>\n","protected":false},"author":1,"featured_media":0,"parent":0,"menu_order":0,"comment_status":"closed","ping_status":"closed","template":"template-builder.php","meta":{"_acf_changed":false,"inline_featured_image":false,"footnotes":""},"class_list":["post-1216","page","type-page","status-publish","hentry"],"acf":[],"yoast_head":"<!-- This site is optimized with the Yoast SEO plugin v24.4 - https:\/\/yoast.com\/wordpress\/plugins\/seo\/ -->\n<title>Xtraspin Casino B\u00f3nus | Promo Codes &amp; Recompensas VIP<\/title>\n<meta name=\"description\" content=\"Descubra todos os b\u00f3nus do Xtraspin Casino: c\u00f3digos promocionais, b\u00f3nus sem dep\u00f3sito, pacote de boas-vindas at\u00e9 1500\u20ac + 250 rodadas gr\u00e1tis, torneios di\u00e1rios e recompensas VIP exclusivas.\" \/>\n<meta name=\"robots\" content=\"index, follow, max-snippet:-1, max-image-preview:large, max-video-preview:-1\" \/>\n<link rel=\"canonical\" href=\"https:\/\/xtra-spins.org\/pt-pt\/nodepositbonus\/\" \/>\n<meta property=\"og:locale\" content=\"pt_PT\" \/>\n<meta property=\"og:type\" content=\"article\" \/>\n<meta property=\"og:title\" content=\"Xtraspin Casino B\u00f3nus | Promo Codes &amp; Recompensas VIP\" \/>\n<meta property=\"og:description\" content=\"Descubra todos os b\u00f3nus do Xtraspin Casino: c\u00f3digos promocionais, b\u00f3nus sem dep\u00f3sito, pacote de boas-vindas at\u00e9 1500\u20ac + 250 rodadas gr\u00e1tis, torneios di\u00e1rios e recompensas VIP exclusivas.\" \/>\n<meta property=\"og:url\" content=\"https:\/\/xtra-spins.org\/pt-pt\/nodepositbonus\/\" \/>\n<meta property=\"og:site_name\" content=\"xtra-spins\" \/>\n<meta property=\"article:modified_time\" content=\"2025-11-24T08:28:54+00:00\" \/>\n<meta name=\"twitter:card\" content=\"summary_large_image\" \/>\n<meta name=\"twitter:label1\" content=\"Est. reading time\" \/>\n\t<meta name=\"twitter:data1\" content=\"1 minuto\" \/>\n<script type=\"application\/ld+json\" class=\"yoast-schema-graph\">{\"@context\":\"https:\/\/schema.org\",\"@graph\":[{\"@type\":\"WebPage\",\"@id\":\"https:\/\/xtra-spins.org\/pt-pt\/nodepositbonus\/\",\"url\":\"https:\/\/xtra-spins.org\/pt-pt\/nodepositbonus\/\",\"name\":\"Xtraspin Casino B\u00f3nus | Promo Codes & Recompensas VIP\",\"isPartOf\":{\"@id\":\"https:\/\/xtra-spins.org\/pt-pt\/#website\"},\"datePublished\":\"2025-04-17T08:39:29+00:00\",\"dateModified\":\"2025-11-24T08:28:54+00:00\",\"description\":\"Descubra todos os b\u00f3nus do Xtraspin Casino: c\u00f3digos promocionais, b\u00f3nus sem dep\u00f3sito, pacote de boas-vindas at\u00e9 1500\u20ac + 250 rodadas gr\u00e1tis, torneios di\u00e1rios e recompensas VIP exclusivas.\",\"breadcrumb\":{\"@id\":\"https:\/\/xtra-spins.org\/pt-pt\/nodepositbonus\/#breadcrumb\"},\"inLanguage\":\"pt-PT\",\"potentialAction\":[{\"@type\":\"ReadAction\",\"target\":[\"https:\/\/xtra-spins.org\/pt-pt\/nodepositbonus\/\"]}]},{\"@type\":\"BreadcrumbList\",\"@id\":\"https:\/\/xtra-spins.org\/pt-pt\/nodepositbonus\/#breadcrumb\",\"itemListElement\":[{\"@type\":\"ListItem\",\"position\":1,\"name\":\"Xtraspin\",\"item\":\"https:\/\/xtra-spins.org\/pt-pt\/\"},{\"@type\":\"ListItem\",\"position\":2,\"name\":\"B\u00f3nus Sem Dep\u00f3sito\"}]},{\"@type\":\"WebSite\",\"@id\":\"https:\/\/xtra-spins.org\/pt-pt\/#website\",\"url\":\"https:\/\/xtra-spins.org\/pt-pt\/\",\"name\":\"Xtraspin\",\"description\":\"\",\"publisher\":{\"@id\":\"https:\/\/xtra-spins.org\/pt-pt\/#organization\"},\"potentialAction\":[{\"@type\":\"SearchAction\",\"target\":{\"@type\":\"EntryPoint\",\"urlTemplate\":\"https:\/\/xtra-spins.org\/pt-pt\/?s={search_term_string}\"},\"query-input\":{\"@type\":\"PropertyValueSpecification\",\"valueRequired\":true,\"valueName\":\"search_term_string\"}}],\"inLanguage\":\"pt-PT\"},{\"@type\":\"Organization\",\"@id\":\"https:\/\/xtra-spins.org\/pt-pt\/#organization\",\"name\":\"Xtraspin\",\"url\":\"https:\/\/xtra-spins.org\/pt-pt\/\",\"logo\":{\"@type\":\"ImageObject\",\"inLanguage\":\"pt-PT\",\"@id\":\"https:\/\/xtra-spins.org\/pt-pt\/#\/schema\/logo\/image\/\",\"url\":\"https:\/\/xtra-spins.org\/wp-content\/uploads\/2025\/02\/logo-small.svg\",\"contentUrl\":\"https:\/\/xtra-spins.org\/wp-content\/uploads\/2025\/02\/logo-small.svg\",\"width\":68,\"height\":24,\"caption\":\"Xtraspin\"},\"image\":{\"@id\":\"https:\/\/xtra-spins.org\/pt-pt\/#\/schema\/logo\/image\/\"}}]}<\/script>\n<!-- \/ Yoast SEO plugin. -->","yoast_head_json":{"title":"Xtraspin Casino B\u00f3nus | Promo Codes & Recompensas VIP","description":"Descubra todos os b\u00f3nus do Xtraspin Casino: c\u00f3digos promocionais, b\u00f3nus sem dep\u00f3sito, pacote de boas-vindas at\u00e9 1500\u20ac + 250 rodadas gr\u00e1tis, torneios di\u00e1rios e recompensas VIP exclusivas.","robots":{"index":"index","follow":"follow","max-snippet":"max-snippet:-1","max-image-preview":"max-image-preview:large","max-video-preview":"max-video-preview:-1"},"canonical":"https:\/\/xtra-spins.org\/pt-pt\/nodepositbonus\/","og_locale":"pt_PT","og_type":"article","og_title":"Xtraspin Casino B\u00f3nus | Promo Codes & Recompensas VIP","og_description":"Descubra todos os b\u00f3nus do Xtraspin Casino: c\u00f3digos promocionais, b\u00f3nus sem dep\u00f3sito, pacote de boas-vindas at\u00e9 1500\u20ac + 250 rodadas gr\u00e1tis, torneios di\u00e1rios e recompensas VIP exclusivas.","og_url":"https:\/\/xtra-spins.org\/pt-pt\/nodepositbonus\/","og_site_name":"xtra-spins","article_modified_time":"2025-11-24T08:28:54+00:00","twitter_card":"summary_large_image","twitter_misc":{"Est. reading time":"1 minuto"},"schema":{"@context":"https:\/\/schema.org","@graph":[{"@type":"WebPage","@id":"https:\/\/xtra-spins.org\/pt-pt\/nodepositbonus\/","url":"https:\/\/xtra-spins.org\/pt-pt\/nodepositbonus\/","name":"Xtraspin Casino B\u00f3nus | Promo Codes & Recompensas VIP","isPartOf":{"@id":"https:\/\/xtra-spins.org\/pt-pt\/#website"},"datePublished":"2025-04-17T08:39:29+00:00","dateModified":"2025-11-24T08:28:54+00:00","description":"Descubra todos os b\u00f3nus do Xtraspin Casino: c\u00f3digos promocionais, b\u00f3nus sem dep\u00f3sito, pacote de boas-vindas at\u00e9 1500\u20ac + 250 rodadas gr\u00e1tis, torneios di\u00e1rios e recompensas VIP exclusivas.","breadcrumb":{"@id":"https:\/\/xtra-spins.org\/pt-pt\/nodepositbonus\/#breadcrumb"},"inLanguage":"pt-PT","potentialAction":[{"@type":"ReadAction","target":["https:\/\/xtra-spins.org\/pt-pt\/nodepositbonus\/"]}]},{"@type":"BreadcrumbList","@id":"https:\/\/xtra-spins.org\/pt-pt\/nodepositbonus\/#breadcrumb","itemListElement":[{"@type":"ListItem","position":1,"name":"Xtraspin","item":"https:\/\/xtra-spins.org\/pt-pt\/"},{"@type":"ListItem","position":2,"name":"B\u00f3nus Sem Dep\u00f3sito"}]},{"@type":"WebSite","@id":"https:\/\/xtra-spins.org\/pt-pt\/#website","url":"https:\/\/xtra-spins.org\/pt-pt\/","name":"Xtraspin","description":"","publisher":{"@id":"https:\/\/xtra-spins.org\/pt-pt\/#organization"},"potentialAction":[{"@type":"SearchAction","target":{"@type":"EntryPoint","urlTemplate":"https:\/\/xtra-spins.org\/pt-pt\/?s={search_term_string}"},"query-input":{"@type":"PropertyValueSpecification","valueRequired":true,"valueName":"search_term_string"}}],"inLanguage":"pt-PT"},{"@type":"Organization","@id":"https:\/\/xtra-spins.org\/pt-pt\/#organization","name":"Xtraspin","url":"https:\/\/xtra-spins.org\/pt-pt\/","logo":{"@type":"ImageObject","inLanguage":"pt-PT","@id":"https:\/\/xtra-spins.org\/pt-pt\/#\/schema\/logo\/image\/","url":"https:\/\/xtra-spins.org\/wp-content\/uploads\/2025\/02\/logo-small.svg","contentUrl":"https:\/\/xtra-spins.org\/wp-content\/uploads\/2025\/02\/logo-small.svg","width":68,"height":24,"caption":"Xtraspin"},"image":{"@id":"https:\/\/xtra-spins.org\/pt-pt\/#\/schema\/logo\/image\/"}}]}},"_links":{"self":[{"href":"https:\/\/xtra-spins.org\/pt-pt\/wp-json\/wp\/v2\/pages\/1216","targetHints":{"allow":["GET"]}}],"collection":[{"href":"https:\/\/xtra-spins.org\/pt-pt\/wp-json\/wp\/v2\/pages"}],"about":[{"href":"https:\/\/xtra-spins.org\/pt-pt\/wp-json\/wp\/v2\/types\/page"}],"author":[{"embeddable":true,"href":"https:\/\/xtra-spins.org\/pt-pt\/wp-json\/wp\/v2\/users\/1"}],"replies":[{"embeddable":true,"href":"https:\/\/xtra-spins.org\/pt-pt\/wp-json\/wp\/v2\/comments?post=1216"}],"version-history":[{"count":5,"href":"https:\/\/xtra-spins.org\/pt-pt\/wp-json\/wp\/v2\/pages\/1216\/revisions"}],"predecessor-version":[{"id":1236,"href":"https:\/\/xtra-spins.org\/pt-pt\/wp-json\/wp\/v2\/pages\/1216\/revisions\/1236"}],"wp:attachment":[{"href":"https:\/\/xtra-spins.org\/pt-pt\/wp-json\/wp\/v2\/media?parent=1216"}],"curies":[{"name":"wp","href":"https:\/\/api.w.org\/{rel}","templated":true}]}}